{"id":100,"date":"2012-08-21T12:38:57","date_gmt":"2012-08-21T12:38:57","guid":{"rendered":"http:\/\/edirefilho.com.br\/transportes\/?page_id=100"},"modified":"2022-10-19T19:22:40","modified_gmt":"2022-10-19T19:22:40","slug":"transportes","status":"publish","type":"page","link":"https:\/\/edirefilho.com.br\/transportes\/transportes\/","title":{"rendered":"Transportes"},"content":{"rendered":"<h2>Outros Servi\u00e7os de Transporte Disponibilizados:<\/h2>\n<p>Al\u00e9m de mudan\u00e7as e fretes, nossa empresa atua com servi\u00e7os de fretamento terceirizado para outras transportadoras, atrav\u00e9s de entrega terceirizada de carga fechada ou com frota agregada.<\/p>\n<p>Temos amplo conhecimento de percursos e rotas no RJ, bem como temos disponibilidade de entregar e coletar cargas em todo pa\u00eds.<\/p>\n<div class=\"su-note\"  style=\"border-color:#e5e5e5;border-radius:3px;-moz-border-radius:3px;-webkit-border-radius:3px;\"><div class=\"su-note-inner su-u-clearfix su-u-trim\" style=\"background-color:#ffffff;border-color:#ffffff;color:#333333;border-radius:3px;-moz-border-radius:3px;-webkit-border-radius:3px;\">\n<h2>FROTA AGREGADA<\/h2>\n<p>Se voc\u00ea possui uma transportadora e precisa agregar frota, envie uma proposta ao setor comercial<br \/>\nTemos estrutura completa e frota diversificada apta a atender empresas transportadoras.<br \/>\n<b>Fale conosco e seja mais um de nossos parceiros em transporte terceirizado e frota agregada!<\/b><\/p>\n<\/div><\/div>\n<div class=\"su-note\"  style=\"border-color:#e5e5e5;border-radius:3px;-moz-border-radius:3px;-webkit-border-radius:3px;\"><div class=\"su-note-inner su-u-clearfix su-u-trim\" style=\"background-color:#ffffff;border-color:#ffffff;color:#333333;border-radius:3px;-moz-border-radius:3px;-webkit-border-radius:3px;\">\n<h2>ENTREGAS TERCEIRIZADAS<\/h2>\n<p>Um dos servi\u00e7os diferenciados oferecidos pela empresa <strong>Edir e Filho<\/strong> \u00e9 o servi\u00e7o de transporte e redistribui\u00e7\u00e3o de carga e aloca\u00e7\u00e3o de frota que disponibilizamos exclusivamente para empresas transportadoras.<br \/>\nEm sistema de parceria, praticamos tabela de B2B, disponibilizando todos os nossos recursos log\u00edsticos e estrutura para atender empresas transportadoras que precisem redistribuir cargas especialmente na regi\u00e3o serrana, onde estamos sediados, ou dentro da cidade do Rio de Janeiro onde temos f\u00e1cil acesso e amplo conhecimento operacional.<\/p>\n<\/div><\/div>\n<p>&nbsp;<\/p>\n<blockquote>\n<h2>Credibilidade, Qualidade na Execu\u00e7\u00e3o de Processos e Bom Atendimento!<\/h2>\n<\/blockquote>\n<div>\n<p><a href=\"http:\/\/edirefilho.com.br\/transportes\/wp-content\/uploads\/2022\/10\/mudanca-comecial.jpg\"><img loading=\"lazy\" decoding=\"async\" class=\"alignnone wp-image-399 size-full\" src=\"http:\/\/edirefilho.com.br\/transportes\/wp-content\/uploads\/2022\/10\/mudanca-comecial.jpg\" alt=\"Mudan\u00e7a e frete comecial\" width=\"1400\" height=\"790\" srcset=\"https:\/\/edirefilho.com.br\/transportes\/wp-content\/uploads\/2022\/10\/mudanca-comecial.jpg 1400w, https:\/\/edirefilho.com.br\/transportes\/wp-content\/uploads\/2022\/10\/mudanca-comecial-300x169.jpg 300w, https:\/\/edirefilho.com.br\/transportes\/wp-content\/uploads\/2022\/10\/mudanca-comecial-1024x578.jpg 1024w, https:\/\/edirefilho.com.br\/transportes\/wp-content\/uploads\/2022\/10\/mudanca-comecial-768x433.jpg 768w\" sizes=\"auto, (max-width: 1400px) 100vw, 1400px\" \/><\/a><\/p>\n<\/div>\n","protected":false},"excerpt":{"rendered":"<p>Outros Servi\u00e7os de Transporte Disponibilizados: Al\u00e9m de mudan\u00e7as e fretes, nossa empresa atua com servi\u00e7os de fretamento terceirizado para outras transportadoras, atrav\u00e9s de entrega terceirizada de carga fechada ou com frota agregada. Temos amplo conhecimento de percursos e rotas no RJ, bem como temos disponibilidade de entregar e coletar cargas em todo pa\u00eds. &nbsp; Credibilidade, Qualidade na Execu\u00e7\u00e3o de Processos e Bom Atendimento!<\/p>\n","protected":false},"author":1,"featured_media":0,"parent":0,"menu_order":3,"comment_status":"closed","ping_status":"closed","template":"","meta":{"footnotes":""},"class_list":["post-100","page","type-page","status-publish","hentry"],"yoast_head":"<!-- This site is optimized with the Yoast SEO plugin v26.7 - https:\/\/yoast.com\/wordpress\/plugins\/seo\/ -->\n<title>Mudan\u00e7as e Fretes Edir e Filhos - Petr\u00f3polis - Rio de Janeiro - RJ<\/title>\n<meta name=\"description\" content=\"Mudan\u00e7as, Fretes e Transportes consulte a EDIR e FILHO: uma empresa familiar, sediada em Petr\u00f3polis que realiza mudan\u00e7as e transporte de cargas para Cidades de todo o Brasil especialmente regi\u00e3o serrana, regiao dos lagos e fretes para todo o Rio de Janeiro\" \/>\n<meta name=\"robots\" content=\"index, follow, max-snippet:-1, max-image-preview:large, max-video-preview:-1\" \/>\n<link rel=\"canonical\" href=\"http:\/\/edirefilho.com.br\/transportes\/transportes\/\" \/>\n<meta property=\"og:locale\" content=\"pt_BR\" \/>\n<meta property=\"og:type\" content=\"article\" \/>\n<meta property=\"og:title\" content=\"Mudan\u00e7as e Fretes Edir e Filhos - Petr\u00f3polis - Rio de Janeiro - RJ\" \/>\n<meta property=\"og:description\" content=\"Mudan\u00e7as, Fretes e Transportes consulte a EDIR e FILHO: uma empresa familiar, sediada em Petr\u00f3polis que realiza mudan\u00e7as e transporte de cargas para Cidades de todo o Brasil especialmente regi\u00e3o serrana, regiao dos lagos e fretes para todo o Rio de Janeiro\" \/>\n<meta property=\"og:url\" content=\"http:\/\/edirefilho.com.br\/transportes\/transportes\/\" \/>\n<meta property=\"og:site_name\" content=\"Edir e Filho Mudan\u00e7as e Fretes\" \/>\n<meta property=\"article:modified_time\" content=\"2022-10-19T19:22:40+00:00\" \/>\n<meta property=\"og:image\" content=\"http:\/\/edirefilho.com.br\/transportes\/wp-content\/uploads\/2022\/10\/mudanca-comecial.jpg\" \/>\n<meta name=\"twitter:label1\" content=\"Est. tempo de leitura\" \/>\n\t<meta name=\"twitter:data1\" content=\"2 minutos\" \/>\n<script type=\"application\/ld+json\" class=\"yoast-schema-graph\">{\"@context\":\"https:\/\/schema.org\",\"@graph\":[{\"@type\":\"WebPage\",\"@id\":\"http:\/\/edirefilho.com.br\/transportes\/transportes\/\",\"url\":\"http:\/\/edirefilho.com.br\/transportes\/transportes\/\",\"name\":\"Mudan\u00e7as e Fretes Edir e Filhos - Petr\u00f3polis - Rio de Janeiro - RJ\",\"isPartOf\":{\"@id\":\"http:\/\/edirefilho.com.br\/transportes\/#website\"},\"primaryImageOfPage\":{\"@id\":\"http:\/\/edirefilho.com.br\/transportes\/transportes\/#primaryimage\"},\"image\":{\"@id\":\"http:\/\/edirefilho.com.br\/transportes\/transportes\/#primaryimage\"},\"thumbnailUrl\":\"http:\/\/edirefilho.com.br\/transportes\/wp-content\/uploads\/2022\/10\/mudanca-comecial.jpg\",\"datePublished\":\"2012-08-21T12:38:57+00:00\",\"dateModified\":\"2022-10-19T19:22:40+00:00\",\"description\":\"Mudan\u00e7as, Fretes e Transportes consulte a EDIR e FILHO: uma empresa familiar, sediada em Petr\u00f3polis que realiza mudan\u00e7as e transporte de cargas para Cidades de todo o Brasil especialmente regi\u00e3o serrana, regiao dos lagos e fretes para todo o Rio de Janeiro\",\"breadcrumb\":{\"@id\":\"http:\/\/edirefilho.com.br\/transportes\/transportes\/#breadcrumb\"},\"inLanguage\":\"pt-BR\",\"potentialAction\":[{\"@type\":\"ReadAction\",\"target\":[\"http:\/\/edirefilho.com.br\/transportes\/transportes\/\"]}]},{\"@type\":\"ImageObject\",\"inLanguage\":\"pt-BR\",\"@id\":\"http:\/\/edirefilho.com.br\/transportes\/transportes\/#primaryimage\",\"url\":\"https:\/\/edirefilho.com.br\/transportes\/wp-content\/uploads\/2022\/10\/mudanca-comecial.jpg\",\"contentUrl\":\"https:\/\/edirefilho.com.br\/transportes\/wp-content\/uploads\/2022\/10\/mudanca-comecial.jpg\",\"width\":1400,\"height\":790,\"caption\":\"Mudan\u00e7a e frete comecial\"},{\"@type\":\"BreadcrumbList\",\"@id\":\"http:\/\/edirefilho.com.br\/transportes\/transportes\/#breadcrumb\",\"itemListElement\":[{\"@type\":\"ListItem\",\"position\":1,\"name\":\"Home\",\"item\":\"http:\/\/edirefilho.com.br\/transportes\/\"},{\"@type\":\"ListItem\",\"position\":2,\"name\":\"Transportes\"}]},{\"@type\":\"WebSite\",\"@id\":\"http:\/\/edirefilho.com.br\/transportes\/#website\",\"url\":\"http:\/\/edirefilho.com.br\/transportes\/\",\"name\":\"Edir e Filho Mudan\u00e7as e Fretes\",\"description\":\"Mudan\u00e7as e fretes em Petr\u00f3polis, RJ para todo Brasil.\",\"potentialAction\":[{\"@type\":\"SearchAction\",\"target\":{\"@type\":\"EntryPoint\",\"urlTemplate\":\"http:\/\/edirefilho.com.br\/transportes\/?s={search_term_string}\"},\"query-input\":{\"@type\":\"PropertyValueSpecification\",\"valueRequired\":true,\"valueName\":\"search_term_string\"}}],\"inLanguage\":\"pt-BR\"}]}<\/script>\n<!-- \/ Yoast SEO plugin. -->","yoast_head_json":{"title":"Mudan\u00e7as e Fretes Edir e Filhos - Petr\u00f3polis - Rio de Janeiro - RJ","description":"Mudan\u00e7as, Fretes e Transportes consulte a EDIR e FILHO: uma empresa familiar, sediada em Petr\u00f3polis que realiza mudan\u00e7as e transporte de cargas para Cidades de todo o Brasil especialmente regi\u00e3o serrana, regiao dos lagos e fretes para todo o Rio de Janeiro","robots":{"index":"index","follow":"follow","max-snippet":"max-snippet:-1","max-image-preview":"max-image-preview:large","max-video-preview":"max-video-preview:-1"},"canonical":"http:\/\/edirefilho.com.br\/transportes\/transportes\/","og_locale":"pt_BR","og_type":"article","og_title":"Mudan\u00e7as e Fretes Edir e Filhos - Petr\u00f3polis - Rio de Janeiro - RJ","og_description":"Mudan\u00e7as, Fretes e Transportes consulte a EDIR e FILHO: uma empresa familiar, sediada em Petr\u00f3polis que realiza mudan\u00e7as e transporte de cargas para Cidades de todo o Brasil especialmente regi\u00e3o serrana, regiao dos lagos e fretes para todo o Rio de Janeiro","og_url":"http:\/\/edirefilho.com.br\/transportes\/transportes\/","og_site_name":"Edir e Filho Mudan\u00e7as e Fretes","article_modified_time":"2022-10-19T19:22:40+00:00","og_image":[{"url":"http:\/\/edirefilho.com.br\/transportes\/wp-content\/uploads\/2022\/10\/mudanca-comecial.jpg","type":"","width":"","height":""}],"twitter_misc":{"Est. tempo de leitura":"2 minutos"},"schema":{"@context":"https:\/\/schema.org","@graph":[{"@type":"WebPage","@id":"http:\/\/edirefilho.com.br\/transportes\/transportes\/","url":"http:\/\/edirefilho.com.br\/transportes\/transportes\/","name":"Mudan\u00e7as e Fretes Edir e Filhos - Petr\u00f3polis - Rio de Janeiro - RJ","isPartOf":{"@id":"http:\/\/edirefilho.com.br\/transportes\/#website"},"primaryImageOfPage":{"@id":"http:\/\/edirefilho.com.br\/transportes\/transportes\/#primaryimage"},"image":{"@id":"http:\/\/edirefilho.com.br\/transportes\/transportes\/#primaryimage"},"thumbnailUrl":"http:\/\/edirefilho.com.br\/transportes\/wp-content\/uploads\/2022\/10\/mudanca-comecial.jpg","datePublished":"2012-08-21T12:38:57+00:00","dateModified":"2022-10-19T19:22:40+00:00","description":"Mudan\u00e7as, Fretes e Transportes consulte a EDIR e FILHO: uma empresa familiar, sediada em Petr\u00f3polis que realiza mudan\u00e7as e transporte de cargas para Cidades de todo o Brasil especialmente regi\u00e3o serrana, regiao dos lagos e fretes para todo o Rio de Janeiro","breadcrumb":{"@id":"http:\/\/edirefilho.com.br\/transportes\/transportes\/#breadcrumb"},"inLanguage":"pt-BR","potentialAction":[{"@type":"ReadAction","target":["http:\/\/edirefilho.com.br\/transportes\/transportes\/"]}]},{"@type":"ImageObject","inLanguage":"pt-BR","@id":"http:\/\/edirefilho.com.br\/transportes\/transportes\/#primaryimage","url":"https:\/\/edirefilho.com.br\/transportes\/wp-content\/uploads\/2022\/10\/mudanca-comecial.jpg","contentUrl":"https:\/\/edirefilho.com.br\/transportes\/wp-content\/uploads\/2022\/10\/mudanca-comecial.jpg","width":1400,"height":790,"caption":"Mudan\u00e7a e frete comecial"},{"@type":"BreadcrumbList","@id":"http:\/\/edirefilho.com.br\/transportes\/transportes\/#breadcrumb","itemListElement":[{"@type":"ListItem","position":1,"name":"Home","item":"http:\/\/edirefilho.com.br\/transportes\/"},{"@type":"ListItem","position":2,"name":"Transportes"}]},{"@type":"WebSite","@id":"http:\/\/edirefilho.com.br\/transportes\/#website","url":"http:\/\/edirefilho.com.br\/transportes\/","name":"Edir e Filho Mudan\u00e7as e Fretes","description":"Mudan\u00e7as e fretes em Petr\u00f3polis, RJ para todo Brasil.","potentialAction":[{"@type":"SearchAction","target":{"@type":"EntryPoint","urlTemplate":"http:\/\/edirefilho.com.br\/transportes\/?s={search_term_string}"},"query-input":{"@type":"PropertyValueSpecification","valueRequired":true,"valueName":"search_term_string"}}],"inLanguage":"pt-BR"}]}},"_links":{"self":[{"href":"https:\/\/edirefilho.com.br\/transportes\/wp-json\/wp\/v2\/pages\/100","targetHints":{"allow":["GET"]}}],"collection":[{"href":"https:\/\/edirefilho.com.br\/transportes\/wp-json\/wp\/v2\/pages"}],"about":[{"href":"https:\/\/edirefilho.com.br\/transportes\/wp-json\/wp\/v2\/types\/page"}],"author":[{"embeddable":true,"href":"https:\/\/edirefilho.com.br\/transportes\/wp-json\/wp\/v2\/users\/1"}],"replies":[{"embeddable":true,"href":"https:\/\/edirefilho.com.br\/transportes\/wp-json\/wp\/v2\/comments?post=100"}],"version-history":[{"count":15,"href":"https:\/\/edirefilho.com.br\/transportes\/wp-json\/wp\/v2\/pages\/100\/revisions"}],"predecessor-version":[{"id":459,"href":"https:\/\/edirefilho.com.br\/transportes\/wp-json\/wp\/v2\/pages\/100\/revisions\/459"}],"wp:attachment":[{"href":"https:\/\/edirefilho.com.br\/transportes\/wp-json\/wp\/v2\/media?parent=100"}],"curies":[{"name":"wp","href":"https:\/\/api.w.org\/{rel}","templated":true}]}}